{"id":110,"date":"2022-09-26T10:35:09","date_gmt":"2022-09-26T10:35:09","guid":{"rendered":"http:\/\/schillerschule-stuttgart.de\/?page_id=110"},"modified":"2023-10-04T17:58:29","modified_gmt":"2023-10-04T17:58:29","slug":"elterninfo","status":"publish","type":"page","link":"https:\/\/schillerschule-stuttgart.de\/home\/elterninfo","title":{"rendered":"Elterninfo"},"content":{"rendered":"\n<pre class=\"wp-block-preformatted\"><\/pre>\n\n\n\n<p>Die Zusammenarbeit mit den Eltern ist f\u00fcr uns sehr wichtig. Die Erziehung der Kinder ist das Recht und die Pflicht der Eltern. Bei dieser Aufgabe unterst\u00fctzen wir Sie mit all unseren M\u00f6glichkeiten. Lehrer*innen, P\u00e4dagogische Mitarbeiter*innen und Eltern arbeiten partnerschaftlich in der Erziehung und Bildung der Kinder zusammen. Dazu geh\u00f6rt ein regelm\u00e4\u00dfiger Austausch zu Leistungsstand und Verhalten. Ritualisierte und verbindliche Beratungsgespr\u00e4che tragen wesentlich zur Unterst\u00fctzung bei. Vielf\u00e4ltige Projekte und Veranstaltungen binden die Eltern in den Schulalltag ein und sind Grundlage f\u00fcr eine Kooperation von Elternhaus und Schule. Ganz besonderes Engagement der Eltern erfordern die Einschulungsfeier, der j\u00e4hrliche Cannstatter Niklasmarkt und die Schulfeste. Eine Partizipation der Eltern erfolgt auch durch die Klassenelternvertreter*innen, den Elternbeirat und die Mitwirkung in der Schulkonferenz. Zu Beginn jeden Schulhalbjahres erhalten alle Elternvertreter*innen in einer Fragerunde die M\u00f6glichkeit, Anliegen der Elternschaft direkt mit der Schul- und Ganztagsleitung zu besprechen, Ideen einzubringen und sich umfassend zu Informieren.<\/p>\n\n\n\n<p>Es ist uns ein besonderes Anliegen, transparent und offen mit allen Erziehungsberechtigten zu kommunizieren, wozu neben den pers\u00f6nlichen Gespr\u00e4chen auch unsere st\u00e4ndig aktualisierte Homepage geh\u00f6rt. Eine gelingende Partnerschaft tr\u00e4gt so hoffentlich  zu einem erfolgreichen und zufriedenen Schulbesuch der Kinder bei.<\/p>\n\n\n\n<figure class=\"wp-block-image size-full\"><img loading=\"lazy\" decoding=\"async\" width=\"667\" height=\"500\" src=\"http:\/\/schillerschule-stuttgart.de\/wp-content\/uploads\/2022\/10\/F19F5C7F-9142-4025-9D73-1AD7151E7F0D.png\" alt=\"\" class=\"wp-image-231\" srcset=\"https:\/\/schillerschule-stuttgart.de\/wp-content\/uploads\/2022\/10\/F19F5C7F-9142-4025-9D73-1AD7151E7F0D.png 667w, https:\/\/schillerschule-stuttgart.de\/wp-content\/uploads\/2022\/10\/F19F5C7F-9142-4025-9D73-1AD7151E7F0D-300x225.png 300w\" sizes=\"auto, (max-width: 667px) 100vw, 667px\" \/><\/figure>\n","protected":false},"excerpt":{"rendered":"<p>Die Zusammenarbeit mit den Eltern ist f\u00fcr uns sehr wichtig. Die Erziehung der Kinder ist das Recht und die Pflicht der Eltern. Bei dieser Aufgabe unterst\u00fctzen wir Sie mit all unseren M\u00f6glichkeiten. Lehrer*innen, P\u00e4dagogische Mitarbeiter*innen und Eltern arbeiten partnerschaftlich in der Erziehung und Bildung der Kinder zusammen. Dazu geh\u00f6rt ein regelm\u00e4\u00dfiger Austausch zu Leistungsstand und &#8230; <a title=\"Elterninfo\" class=\"read-more\" href=\"https:\/\/schillerschule-stuttgart.de\/home\/elterninfo\" aria-label=\"Mehr dazu unter Elterninfo\">Weiterlesen<\/a><\/p>\n","protected":false},"author":1,"featured_media":0,"parent":0,"menu_order":3,"comment_status":"closed","ping_status":"closed","template":"","meta":{"footnotes":""},"class_list":["post-110","page","type-page","status-publish"],"_links":{"self":[{"href":"https:\/\/schillerschule-stuttgart.de\/home\/wp-json\/wp\/v2\/pages\/110","targetHints":{"allow":["GET"]}}],"collection":[{"href":"https:\/\/schillerschule-stuttgart.de\/home\/wp-json\/wp\/v2\/pages"}],"about":[{"href":"https:\/\/schillerschule-stuttgart.de\/home\/wp-json\/wp\/v2\/types\/page"}],"author":[{"embeddable":true,"href":"https:\/\/schillerschule-stuttgart.de\/home\/wp-json\/wp\/v2\/users\/1"}],"replies":[{"embeddable":true,"href":"https:\/\/schillerschule-stuttgart.de\/home\/wp-json\/wp\/v2\/comments?post=110"}],"version-history":[{"count":5,"href":"https:\/\/schillerschule-stuttgart.de\/home\/wp-json\/wp\/v2\/pages\/110\/revisions"}],"predecessor-version":[{"id":762,"href":"https:\/\/schillerschule-stuttgart.de\/home\/wp-json\/wp\/v2\/pages\/110\/revisions\/762"}],"wp:attachment":[{"href":"https:\/\/schillerschule-stuttgart.de\/home\/wp-json\/wp\/v2\/media?parent=110"}],"curies":[{"name":"wp","href":"https:\/\/api.w.org\/{rel}","templated":true}]}}