{"id":107,"date":"2022-09-26T10:33:41","date_gmt":"2022-09-26T10:33:41","guid":{"rendered":"http:\/\/schillerschule-stuttgart.de\/?page_id=107"},"modified":"2025-11-03T07:17:34","modified_gmt":"2025-11-03T07:17:34","slug":"elternbeirat","status":"publish","type":"page","link":"https:\/\/schillerschule-stuttgart.de\/home\/unsere-schule\/das-sind-wir\/elternbeirat","title":{"rendered":"Elternbeirat"},"content":{"rendered":"\n<pre class=\"wp-block-preformatted\"><\/pre>\n\n\n\n<h2 class=\"wp-block-heading\">Der Elternbeirat der Schillerschule<\/h2>\n\n\n\n<p><strong>Gemeinsam Schule gestalten \u2013 mit Herz, Stimme und Engagement<\/strong><\/p>\n\n\n\n<p>Als Elternbeirat der Schillerschule in Bad Cannstatt verstehen wir uns als aktiver Teil der Schulgemeinschaft. Wir vertreten die Interessen der Eltern, bringen uns in schulische Themen ein und setzen uns daf\u00fcr ein, dass unsere Kinder in einem f\u00f6rderlichen, wertsch\u00e4tzenden Umfeld lernen und aufwachsen k\u00f6nnen. Dabei ist uns der offene Dialog mit Lehrkr\u00e4ften, Schulleitung und nat\u00fcrlich den Familien besonders wichtig \u2013 denn gute Schule gelingt am besten gemeinsam.<\/p>\n\n\n\n<p><strong>Was macht der Elternbeirat eigentlich?<\/strong><\/p>\n\n\n\n<p>Unsere Aufgaben sind vielf\u00e4ltig \u2013 hier ein \u00dcberblick:<\/p>\n\n\n\n<ul class=\"wp-block-list\">\n<li><strong>Mitreden und Mitgestalten:<\/strong>&nbsp;Wir bringen die Perspektive der Eltern in schulische Entscheidungen ein \u2013 sei es bei p\u00e4dagogischen Themen, bei der Schulentwicklung oder bei organisatorischen Fragen.<\/li>\n\n\n\n<li><strong>Vernetzen und Vermitteln:<\/strong>&nbsp;Wir f\u00f6rdern den Austausch zwischen Eltern, Lehrkr\u00e4ften und der Schulleitung. Wenn es mal hakt, helfen wir, Missverst\u00e4ndnisse aus dem Weg zu r\u00e4umen.<\/li>\n\n\n\n<li><strong>Unterst\u00fctzen und Organisieren:&nbsp;<\/strong>Ob Schulfest, Projektwoche oder Adventsnachmittag \u2013 wir helfen mit, wo helfende H\u00e4nde gebraucht werden.<\/li>\n\n\n\n<li><strong>Informieren und Zuh\u00f6ren:<\/strong>&nbsp;Wir halten Eltern auf dem Laufenden und haben ein offenes Ohr f\u00fcr Fragen, Ideen oder Sorgen.<\/li>\n<\/ul>\n\n\n\n<p>Unsere Arbeit basiert auf dem Schulgesetz Baden-W\u00fcrttemberg (\u00a7\u00a7\u202f55, 57 SchG) sowie der Elternbeiratsverordnung \u2013 und vor allem auf dem Wunsch, Schule gemeinsam zu gestalten.<\/p>\n\n\n\n<p><strong>Wer wir sind<\/strong><\/p>\n\n\n\n<p>Der Elternbeirat der Schillerschule ist die gew\u00e4hlte Vertretung der Eltern und setzt sich aus den Klassenelternvertreterinnen und -vertretern aller Klassen zusammen. Diese werden j\u00e4hrlich von der Klassenpflegschaft, also der Elternversammlung jeder Klasse, gew\u00e4hlt.<\/p>\n\n\n\n<p>Aus diesem Kreis w\u00e4hlt der Elternbeirat eine Vorsitzende bzw. einen Vorsitzenden sowie eine stellvertretende Vorsitzende bzw. einen stellvertretenden Vorsitzenden. Diese \u00fcbernehmen die Koordination der Elternbeiratsarbeit, vertreten die Elternschaft in schulischen Gremien und stehen im regelm\u00e4\u00dfigen Austausch mit der Schulleitung.<\/p>\n\n\n\n<p>Aktuell besteht der Vorsitz&nbsp;aus:<\/p>\n\n\n\n<ul class=\"wp-block-list\">\n<li><strong>Vorsitzender:\u00a0<\/strong>Stefan Blanke<\/li>\n\n\n\n<li><strong>Stellvertretender Vorsitzender:&nbsp;<\/strong>Tim Scherer<\/li>\n<\/ul>\n\n\n\n<p>Ein weiteres zentrales Mitwirkungsgremium ist die&nbsp;<strong>Schulkonferenz<\/strong>. Auch hier ist der Elternbeirat vertreten: Aus seiner Mitte werden Elternvertreterinnen und -vertreter gew\u00e4hlt, die gemeinsam mit Lehrkr\u00e4ften und der Schulleitung \u00fcber wichtige schulische Angelegenheiten beraten und entscheiden.<\/p>\n\n\n\n<p><strong>Unsere Gesch\u00e4ftsordnung<\/strong><\/p>\n\n\n\n<p>Damit unsere Arbeit auf einer klaren und transparenten Grundlage steht, hat der Elternbeirat der Schillerschule eine Gesch\u00e4ftsordnung verabschiedet. Sie regelt unter anderem:<\/p>\n\n\n\n<ul class=\"wp-block-list\">\n<li>wie der Elternbeirat zusammengesetzt ist,<\/li>\n\n\n\n<li>wie Vorsitz, Stellvertretung&nbsp;und weitere Funktionen gew\u00e4hlt werden,<\/li>\n\n\n\n<li>wie Sitzungen ablaufen und Beschl\u00fcsse gefasst werden,<\/li>\n\n\n\n<li>und wie wir als Gremium organisiert sind.<\/li>\n<\/ul>\n\n\n\n<p>Die Gesch\u00e4ftsordnung basiert auf den rechtlichen Vorgaben des Schulgesetzes Baden-W\u00fcrttemberg (\u00a7\u00a7\u202f55, 57 SchG) sowie der Elternbeiratsverordnung und wurde zuletzt am&nbsp;<strong>26. Juni 2025<\/strong>&nbsp;beschlossen.<\/p>\n\n\n\n<p><strong>Hier kann die aktuelle Fassung eingesehen werden:<\/strong><\/p>\n\n\n\t\t<style>\r\n            #pdfp69e893e6c2f35 .title {  font-size: 16px; }#pdfp69e893e6c2f35 iframe {  height: 842px; }#pdfp69e893e6c2f35 {  width: 100%; }                                            <\/style>\r\n                <div id=\"pdfp69e893e6c2f35\" class=\"pdfp_wrapper \" data-infos=\"{&quot;protect&quot;:false,&quot;alert&quot;:false,&quot;adobeOptions&quot;:[]}\">\r\n            <div class=\"cta_wrapper\">\r\n                \r\n                                    <a class=\"pdfp_download\" download href=\"http:\/\/schillerschule-stuttgart.de\/wp-content\/uploads\/2025\/07\/Geschaeftsordnung-vom-26.06.2025.pdf\"><button class=\"pdfp_download_btn\" style=\"margin-right:15px;\">Download File<\/button><\/a>\r\n                \r\n                \t                <a class=\"pdfp_fullscreen\" target=\"_self\" href=\"https:\/\/schillerschule-stuttgart.de\/wp-content\/plugins\/pdf-poster\/pdfjs-new\/web\/viewer.html?file=http:\/\/schillerschule-stuttgart.de\/wp-content\/uploads\/2025\/07\/Geschaeftsordnung-vom-26.06.2025.pdf&#038;nobaki=vera&#038;z=0&#038;stdono=&#038;onlypdf=&#038;raw=&#038;fullscreen=1&#038;sidebarOpen=false&#038;side=false&#038;open=false&#038;hrscroll=#page=1\"><button>View Fullscreen<\/button><\/a>\r\n                \r\n            <\/div>\r\n            <div class=\"iframe_wrapper\" >\r\n                <span class=\"close\">&times;<\/span>\r\n                <iframe loading=\"lazy\" title=\"Geschaeftsordnung-vom-26.06.2025.pdf&amp;nobaki=vera&amp;z=0&amp;stdono=&amp;onlypdf=&amp;raw=&amp;fullscreen=1&amp;sidebarOpen=false&amp;side=false&amp;open=false&amp;hrscroll=#page=1\" id=\"frame-pdfp69e893e6c2f35\" class=\"pdfp_iframe\" width=\"100%\" height=\"842px\" data-source=\"https:\/\/schillerschule-stuttgart.de\/wp-content\/plugins\/pdf-poster\/pdfjs-new\/web\/viewer.html?file=http:\/\/schillerschule-stuttgart.de\/wp-content\/uploads\/2025\/07\/Geschaeftsordnung-vom-26.06.2025.pdf&#038;nobaki=vera&#038;z=0&#038;stdono=&#038;onlypdf=&#038;raw=&#038;fullscreen=1&#038;sidebarOpen=false&#038;side=false&#038;open=false&#038;hrscroll=#page=1&new\" src=\"https:\/\/schillerschule-stuttgart.de\/wp-content\/plugins\/pdf-poster\/pdfjs-new\/web\/viewer.html?file=http:\/\/schillerschule-stuttgart.de\/wp-content\/uploads\/2025\/07\/Geschaeftsordnung-vom-26.06.2025.pdf&#038;nobaki=vera&#038;z=0&#038;stdono=&#038;onlypdf=&#038;raw=&#038;fullscreen=1&#038;sidebarOpen=false&#038;side=false&#038;open=false&#038;hrscroll=#page=1\"><\/iframe>\r\n            <\/div>\r\n\t    <\/div>\r\n        \n\n\n\n<p><strong>Wie kann ich mitmachen oder Kontakt aufnehmen?<\/strong><\/p>\n\n\n\n<p>Du m\u00f6chtest dich einbringen, hast eine Frage oder ein Anliegen? Dann melde dich gerne bei uns \u2013 wir freuen uns \u00fcber jede Nachricht!<\/p>\n\n\n\n<p><strong>E-Mail:&nbsp;<\/strong>elternbeirat@schillerschule-stuttgart.de<\/p>\n\n\n\n<p><strong>Sprechzeiten:<\/strong>&nbsp;Nach Vereinbarung \u2013 am besten einfach per E-Mail kontaktieren.<\/p>\n\n\n\n<p><strong>Noch Fragen?<\/strong><\/p>\n\n\n\n<p>Sprich uns gerne pers\u00f6nlich an \u2013 viele von uns triffst du morgens oder mittags beim Bringen oder Abholen der Kinder. Wir freuen uns auf den Austausch!<\/p>\n","protected":false},"excerpt":{"rendered":"<p>Der Elternbeirat der Schillerschule Gemeinsam Schule gestalten \u2013 mit Herz, Stimme und Engagement Als Elternbeirat der Schillerschule in Bad Cannstatt verstehen wir uns als aktiver Teil der Schulgemeinschaft. Wir vertreten die Interessen der Eltern, bringen uns in schulische Themen ein und setzen uns daf\u00fcr ein, dass unsere Kinder in einem f\u00f6rderlichen, wertsch\u00e4tzenden Umfeld lernen und &#8230; <a title=\"Elternbeirat\" class=\"read-more\" href=\"https:\/\/schillerschule-stuttgart.de\/home\/unsere-schule\/das-sind-wir\/elternbeirat\" aria-label=\"Mehr dazu unter Elternbeirat\">Weiterlesen<\/a><\/p>\n","protected":false},"author":1,"featured_media":0,"parent":79,"menu_order":9,"comment_status":"closed","ping_status":"closed","template":"","meta":{"footnotes":""},"class_list":["post-107","page","type-page","status-publish"],"_links":{"self":[{"href":"https:\/\/schillerschule-stuttgart.de\/home\/wp-json\/wp\/v2\/pages\/107","targetHints":{"allow":["GET"]}}],"collection":[{"href":"https:\/\/schillerschule-stuttgart.de\/home\/wp-json\/wp\/v2\/pages"}],"about":[{"href":"https:\/\/schillerschule-stuttgart.de\/home\/wp-json\/wp\/v2\/types\/page"}],"author":[{"embeddable":true,"href":"https:\/\/schillerschule-stuttgart.de\/home\/wp-json\/wp\/v2\/users\/1"}],"replies":[{"embeddable":true,"href":"https:\/\/schillerschule-stuttgart.de\/home\/wp-json\/wp\/v2\/comments?post=107"}],"version-history":[{"count":8,"href":"https:\/\/schillerschule-stuttgart.de\/home\/wp-json\/wp\/v2\/pages\/107\/revisions"}],"predecessor-version":[{"id":1671,"href":"https:\/\/schillerschule-stuttgart.de\/home\/wp-json\/wp\/v2\/pages\/107\/revisions\/1671"}],"up":[{"embeddable":true,"href":"https:\/\/schillerschule-stuttgart.de\/home\/wp-json\/wp\/v2\/pages\/79"}],"wp:attachment":[{"href":"https:\/\/schillerschule-stuttgart.de\/home\/wp-json\/wp\/v2\/media?parent=107"}],"curies":[{"name":"wp","href":"https:\/\/api.w.org\/{rel}","templated":true}]}}