{"id":101,"date":"2022-09-26T10:32:16","date_gmt":"2022-09-26T10:32:16","guid":{"rendered":"http:\/\/schillerschule-stuttgart.de\/?page_id=101"},"modified":"2025-11-28T10:54:30","modified_gmt":"2025-11-28T10:54:30","slug":"gts-team","status":"publish","type":"page","link":"https:\/\/schillerschule-stuttgart.de\/home\/unsere-schule\/das-sind-wir\/gts-team","title":{"rendered":"GTS-Team"},"content":{"rendered":"\n<pre class=\"wp-block-preformatted\"><\/pre>\n\n\n\n<h2 class=\"wp-block-heading\">P\u00e4dagogische Fachkr\u00e4fte:<\/h2>\n\n\n\n<p><\/p>\n\n\n\n<h3 class=\"wp-block-heading\">Klasse 1<\/h3>\n\n\n\n<figure class=\"wp-block-gallery has-nested-images columns-default is-cropped wp-block-gallery-1 is-layout-flex wp-block-gallery-is-layout-flex\">\n<figure class=\"wp-block-image size-large\"><img loading=\"lazy\" decoding=\"async\" width=\"1024\" height=\"770\" data-id=\"1718\" src=\"https:\/\/schillerschule-stuttgart.de\/wp-content\/uploads\/2025\/11\/Denzler-1-1024x770.jpg\" alt=\"\" class=\"wp-image-1718\" srcset=\"https:\/\/schillerschule-stuttgart.de\/wp-content\/uploads\/2025\/11\/Denzler-1-1024x770.jpg 1024w, https:\/\/schillerschule-stuttgart.de\/wp-content\/uploads\/2025\/11\/Denzler-1-300x225.jpg 300w, https:\/\/schillerschule-stuttgart.de\/wp-content\/uploads\/2025\/11\/Denzler-1-768x577.jpg 768w, https:\/\/schillerschule-stuttgart.de\/wp-content\/uploads\/2025\/11\/Denzler-1-1536x1154.jpg 1536w, https:\/\/schillerschule-stuttgart.de\/wp-content\/uploads\/2025\/11\/Denzler-1-2048x1539.jpg 2048w\" sizes=\"auto, (max-width: 1024px) 100vw, 1024px\" \/><figcaption class=\"wp-element-caption\"><strong>Frau Denzler &#8211; Klasse 1a<\/strong> <strong>GT<\/strong><\/figcaption><\/figure>\n\n\n\n<figure class=\"wp-block-image size-large\"><img loading=\"lazy\" decoding=\"async\" width=\"1024\" height=\"753\" data-id=\"1719\" src=\"https:\/\/schillerschule-stuttgart.de\/wp-content\/uploads\/2025\/11\/Rau-1-1024x753.jpg\" alt=\"\" class=\"wp-image-1719\" srcset=\"https:\/\/schillerschule-stuttgart.de\/wp-content\/uploads\/2025\/11\/Rau-1-1024x753.jpg 1024w, https:\/\/schillerschule-stuttgart.de\/wp-content\/uploads\/2025\/11\/Rau-1-300x221.jpg 300w, https:\/\/schillerschule-stuttgart.de\/wp-content\/uploads\/2025\/11\/Rau-1-768x565.jpg 768w, https:\/\/schillerschule-stuttgart.de\/wp-content\/uploads\/2025\/11\/Rau-1-1536x1129.jpg 1536w, https:\/\/schillerschule-stuttgart.de\/wp-content\/uploads\/2025\/11\/Rau-1-2048x1506.jpg 2048w\" sizes=\"auto, (max-width: 1024px) 100vw, 1024px\" \/><figcaption class=\"wp-element-caption\"><strong>Frau Rau &#8211; Klasse 1b<\/strong><\/figcaption><\/figure>\n\n\n\n<figure class=\"wp-block-image size-large\"><img loading=\"lazy\" decoding=\"async\" width=\"1024\" height=\"780\" data-id=\"1720\" src=\"https:\/\/schillerschule-stuttgart.de\/wp-content\/uploads\/2025\/11\/Mioc-1-2-1024x780.jpg\" alt=\"\" class=\"wp-image-1720\" srcset=\"https:\/\/schillerschule-stuttgart.de\/wp-content\/uploads\/2025\/11\/Mioc-1-2-1024x780.jpg 1024w, https:\/\/schillerschule-stuttgart.de\/wp-content\/uploads\/2025\/11\/Mioc-1-2-300x229.jpg 300w, https:\/\/schillerschule-stuttgart.de\/wp-content\/uploads\/2025\/11\/Mioc-1-2-768x585.jpg 768w, https:\/\/schillerschule-stuttgart.de\/wp-content\/uploads\/2025\/11\/Mioc-1-2-1536x1170.jpg 1536w, https:\/\/schillerschule-stuttgart.de\/wp-content\/uploads\/2025\/11\/Mioc-1-2-2048x1560.jpg 2048w\" sizes=\"auto, (max-width: 1024px) 100vw, 1024px\" \/><figcaption class=\"wp-element-caption\"><strong>Frau Mioc &#8211; Klasse 1c<\/strong><\/figcaption><\/figure>\n<\/figure>\n\n\n\n<pre class=\"wp-block-preformatted\"><\/pre>\n\n\n\n<h3 class=\"wp-block-heading\">Klasse 2<\/h3>\n\n\n\n<figure class=\"wp-block-gallery has-nested-images columns-default is-cropped wp-block-gallery-2 is-layout-flex wp-block-gallery-is-layout-flex\">\n<figure class=\"wp-block-image size-large\"><img loading=\"lazy\" decoding=\"async\" width=\"1024\" height=\"640\" data-id=\"1629\" src=\"https:\/\/schillerschule-stuttgart.de\/wp-content\/uploads\/2025\/09\/IMG_0720-1024x640.jpg\" alt=\"\" class=\"wp-image-1629\" srcset=\"https:\/\/schillerschule-stuttgart.de\/wp-content\/uploads\/2025\/09\/IMG_0720-1024x640.jpg 1024w, https:\/\/schillerschule-stuttgart.de\/wp-content\/uploads\/2025\/09\/IMG_0720-300x188.jpg 300w, https:\/\/schillerschule-stuttgart.de\/wp-content\/uploads\/2025\/09\/IMG_0720-768x480.jpg 768w, https:\/\/schillerschule-stuttgart.de\/wp-content\/uploads\/2025\/09\/IMG_0720-1536x961.jpg 1536w, https:\/\/schillerschule-stuttgart.de\/wp-content\/uploads\/2025\/09\/IMG_0720-2048x1281.jpg 2048w\" sizes=\"auto, (max-width: 1024px) 100vw, 1024px\" \/><figcaption class=\"wp-element-caption\"><strong>Frau Ehmann &#8211; Klasse 2b<\/strong><\/figcaption><\/figure>\n\n\n\n<figure class=\"wp-block-image size-large\"><img loading=\"lazy\" decoding=\"async\" width=\"1024\" height=\"790\" data-id=\"1704\" src=\"https:\/\/schillerschule-stuttgart.de\/wp-content\/uploads\/2025\/11\/Heinzmann-1024x790.jpg\" alt=\"\" class=\"wp-image-1704\" srcset=\"https:\/\/schillerschule-stuttgart.de\/wp-content\/uploads\/2025\/11\/Heinzmann-1024x790.jpg 1024w, https:\/\/schillerschule-stuttgart.de\/wp-content\/uploads\/2025\/11\/Heinzmann-300x232.jpg 300w, https:\/\/schillerschule-stuttgart.de\/wp-content\/uploads\/2025\/11\/Heinzmann-768x593.jpg 768w, https:\/\/schillerschule-stuttgart.de\/wp-content\/uploads\/2025\/11\/Heinzmann-1536x1186.jpg 1536w, https:\/\/schillerschule-stuttgart.de\/wp-content\/uploads\/2025\/11\/Heinzmann.jpg 2030w\" sizes=\"auto, (max-width: 1024px) 100vw, 1024px\" \/><figcaption class=\"wp-element-caption\"><strong>Frau Heinzmann &#8211; 2b<\/strong><\/figcaption><\/figure>\n\n\n\n<figure class=\"wp-block-image size-large\"><img loading=\"lazy\" decoding=\"async\" width=\"1024\" height=\"777\" data-id=\"1711\" src=\"https:\/\/schillerschule-stuttgart.de\/wp-content\/uploads\/2025\/11\/Oedemis-1024x777.jpg\" alt=\"\" class=\"wp-image-1711\" srcset=\"https:\/\/schillerschule-stuttgart.de\/wp-content\/uploads\/2025\/11\/Oedemis-1024x777.jpg 1024w, https:\/\/schillerschule-stuttgart.de\/wp-content\/uploads\/2025\/11\/Oedemis-300x228.jpg 300w, https:\/\/schillerschule-stuttgart.de\/wp-content\/uploads\/2025\/11\/Oedemis-768x582.jpg 768w, https:\/\/schillerschule-stuttgart.de\/wp-content\/uploads\/2025\/11\/Oedemis-1536x1165.jpg 1536w, https:\/\/schillerschule-stuttgart.de\/wp-content\/uploads\/2025\/11\/Oedemis-2048x1553.jpg 2048w\" sizes=\"auto, (max-width: 1024px) 100vw, 1024px\" \/><figcaption class=\"wp-element-caption\"><strong>Frau \u00d6demis &#8211; Klasse 2c<\/strong><\/figcaption><\/figure>\n\n\n\n<figure class=\"wp-block-image size-large\"><img loading=\"lazy\" decoding=\"async\" width=\"730\" height=\"470\" data-id=\"1726\" src=\"https:\/\/schillerschule-stuttgart.de\/wp-content\/uploads\/2025\/11\/Bildschirmfoto-2025-11-17-um-10.54.01.png\" alt=\"\" class=\"wp-image-1726\" srcset=\"https:\/\/schillerschule-stuttgart.de\/wp-content\/uploads\/2025\/11\/Bildschirmfoto-2025-11-17-um-10.54.01.png 730w, https:\/\/schillerschule-stuttgart.de\/wp-content\/uploads\/2025\/11\/Bildschirmfoto-2025-11-17-um-10.54.01-300x193.png 300w\" sizes=\"auto, (max-width: 730px) 100vw, 730px\" \/><\/figure>\n\n\n\n<figure class=\"wp-block-image size-large\"><img loading=\"lazy\" decoding=\"async\" width=\"1024\" height=\"772\" data-id=\"1703\" src=\"https:\/\/schillerschule-stuttgart.de\/wp-content\/uploads\/2025\/11\/Brinkmann-1024x772.jpg\" alt=\"\" class=\"wp-image-1703\" srcset=\"https:\/\/schillerschule-stuttgart.de\/wp-content\/uploads\/2025\/11\/Brinkmann-1024x772.jpg 1024w, https:\/\/schillerschule-stuttgart.de\/wp-content\/uploads\/2025\/11\/Brinkmann-300x226.jpg 300w, https:\/\/schillerschule-stuttgart.de\/wp-content\/uploads\/2025\/11\/Brinkmann-768x579.jpg 768w, https:\/\/schillerschule-stuttgart.de\/wp-content\/uploads\/2025\/11\/Brinkmann-1536x1158.jpg 1536w, https:\/\/schillerschule-stuttgart.de\/wp-content\/uploads\/2025\/11\/Brinkmann-2048x1544.jpg 2048w\" sizes=\"auto, (max-width: 1024px) 100vw, 1024px\" \/><figcaption class=\"wp-element-caption\"><strong>Frau Brinkmann &#8211; Klasse 2d<\/strong><\/figcaption><\/figure>\n\n\n\n<figure class=\"wp-block-image size-large\"><img loading=\"lazy\" decoding=\"async\" width=\"730\" height=\"470\" data-id=\"1727\" src=\"https:\/\/schillerschule-stuttgart.de\/wp-content\/uploads\/2025\/11\/Bildschirmfoto-2025-11-17-um-10.54.01-1.png\" alt=\"\" class=\"wp-image-1727\" srcset=\"https:\/\/schillerschule-stuttgart.de\/wp-content\/uploads\/2025\/11\/Bildschirmfoto-2025-11-17-um-10.54.01-1.png 730w, https:\/\/schillerschule-stuttgart.de\/wp-content\/uploads\/2025\/11\/Bildschirmfoto-2025-11-17-um-10.54.01-1-300x193.png 300w\" sizes=\"auto, (max-width: 730px) 100vw, 730px\" \/><\/figure>\n<\/figure>\n\n\n\n<pre class=\"wp-block-preformatted\"><\/pre>\n\n\n\n<h3 class=\"wp-block-heading\">Klasse 3<\/h3>\n\n\n\n<figure class=\"wp-block-gallery has-nested-images columns-default is-cropped wp-block-gallery-3 is-layout-flex wp-block-gallery-is-layout-flex\">\n<figure class=\"wp-block-image size-large\"><img loading=\"lazy\" decoding=\"async\" width=\"1024\" height=\"618\" data-id=\"1564\" src=\"https:\/\/schillerschule-stuttgart.de\/wp-content\/uploads\/2025\/09\/Logo-1-1024x618.jpeg\" alt=\"\" class=\"wp-image-1564\" srcset=\"https:\/\/schillerschule-stuttgart.de\/wp-content\/uploads\/2025\/09\/Logo-1-1024x618.jpeg 1024w, https:\/\/schillerschule-stuttgart.de\/wp-content\/uploads\/2025\/09\/Logo-1-300x181.jpeg 300w, https:\/\/schillerschule-stuttgart.de\/wp-content\/uploads\/2025\/09\/Logo-1-768x463.jpeg 768w, https:\/\/schillerschule-stuttgart.de\/wp-content\/uploads\/2025\/09\/Logo-1-1536x927.jpeg 1536w, https:\/\/schillerschule-stuttgart.de\/wp-content\/uploads\/2025\/09\/Logo-1-2048x1235.jpeg 2048w\" sizes=\"auto, (max-width: 1024px) 100vw, 1024px\" \/><figcaption class=\"wp-element-caption\"><strong>Frau Tesfazghi &#8211; Klasse 3a GT<\/strong><\/figcaption><\/figure>\n\n\n\n<figure class=\"wp-block-image size-large\"><img loading=\"lazy\" decoding=\"async\" width=\"1024\" height=\"756\" data-id=\"1706\" src=\"https:\/\/schillerschule-stuttgart.de\/wp-content\/uploads\/2025\/11\/Bruckmann-1024x756.jpg\" alt=\"\" class=\"wp-image-1706\" srcset=\"https:\/\/schillerschule-stuttgart.de\/wp-content\/uploads\/2025\/11\/Bruckmann-1024x756.jpg 1024w, https:\/\/schillerschule-stuttgart.de\/wp-content\/uploads\/2025\/11\/Bruckmann-300x222.jpg 300w, https:\/\/schillerschule-stuttgart.de\/wp-content\/uploads\/2025\/11\/Bruckmann-768x567.jpg 768w, https:\/\/schillerschule-stuttgart.de\/wp-content\/uploads\/2025\/11\/Bruckmann-1536x1134.jpg 1536w, https:\/\/schillerschule-stuttgart.de\/wp-content\/uploads\/2025\/11\/Bruckmann-2048x1512.jpg 2048w\" sizes=\"auto, (max-width: 1024px) 100vw, 1024px\" \/><figcaption class=\"wp-element-caption\"><strong>Herr Bruckmann &#8211; Klasse 3b<\/strong><\/figcaption><\/figure>\n\n\n\n<figure class=\"wp-block-image size-large\"><img loading=\"lazy\" decoding=\"async\" width=\"1024\" height=\"760\" data-id=\"1712\" src=\"https:\/\/schillerschule-stuttgart.de\/wp-content\/uploads\/2025\/11\/Pflanzer-1024x760.jpg\" alt=\"\" class=\"wp-image-1712\" srcset=\"https:\/\/schillerschule-stuttgart.de\/wp-content\/uploads\/2025\/11\/Pflanzer-1024x760.jpg 1024w, https:\/\/schillerschule-stuttgart.de\/wp-content\/uploads\/2025\/11\/Pflanzer-300x223.jpg 300w, https:\/\/schillerschule-stuttgart.de\/wp-content\/uploads\/2025\/11\/Pflanzer-768x570.jpg 768w, https:\/\/schillerschule-stuttgart.de\/wp-content\/uploads\/2025\/11\/Pflanzer-1536x1139.jpg 1536w, https:\/\/schillerschule-stuttgart.de\/wp-content\/uploads\/2025\/11\/Pflanzer-2048x1519.jpg 2048w\" sizes=\"auto, (max-width: 1024px) 100vw, 1024px\" \/><figcaption class=\"wp-element-caption\"><strong>Herr Pflanzer &#8211; Klasse 3c<\/strong><\/figcaption><\/figure>\n<\/figure>\n\n\n\n<pre class=\"wp-block-preformatted\"><\/pre>\n\n\n\n<h3 class=\"wp-block-heading\">Klasse 4<\/h3>\n\n\n\n<figure class=\"wp-block-gallery has-nested-images columns-default is-cropped wp-block-gallery-4 is-layout-flex wp-block-gallery-is-layout-flex\">\n<figure class=\"wp-block-image size-large\"><img loading=\"lazy\" decoding=\"async\" width=\"1024\" height=\"759\" data-id=\"1707\" src=\"https:\/\/schillerschule-stuttgart.de\/wp-content\/uploads\/2025\/11\/Kittel-1024x759.jpg\" alt=\"\" class=\"wp-image-1707\" srcset=\"https:\/\/schillerschule-stuttgart.de\/wp-content\/uploads\/2025\/11\/Kittel-1024x759.jpg 1024w, https:\/\/schillerschule-stuttgart.de\/wp-content\/uploads\/2025\/11\/Kittel-300x222.jpg 300w, https:\/\/schillerschule-stuttgart.de\/wp-content\/uploads\/2025\/11\/Kittel-768x569.jpg 768w, https:\/\/schillerschule-stuttgart.de\/wp-content\/uploads\/2025\/11\/Kittel-1536x1138.jpg 1536w, https:\/\/schillerschule-stuttgart.de\/wp-content\/uploads\/2025\/11\/Kittel-2048x1517.jpg 2048w\" sizes=\"auto, (max-width: 1024px) 100vw, 1024px\" \/><figcaption class=\"wp-element-caption\"><strong>Herr Kittel &#8211; Klasse 4a<\/strong><\/figcaption><\/figure>\n\n\n\n<figure class=\"wp-block-image size-large\"><img loading=\"lazy\" decoding=\"async\" width=\"1024\" height=\"780\" data-id=\"1710\" src=\"https:\/\/schillerschule-stuttgart.de\/wp-content\/uploads\/2025\/11\/Gassmann-1024x780.jpg\" alt=\"\" class=\"wp-image-1710\" srcset=\"https:\/\/schillerschule-stuttgart.de\/wp-content\/uploads\/2025\/11\/Gassmann-1024x780.jpg 1024w, https:\/\/schillerschule-stuttgart.de\/wp-content\/uploads\/2025\/11\/Gassmann-300x229.jpg 300w, https:\/\/schillerschule-stuttgart.de\/wp-content\/uploads\/2025\/11\/Gassmann-768x585.jpg 768w, https:\/\/schillerschule-stuttgart.de\/wp-content\/uploads\/2025\/11\/Gassmann-1536x1170.jpg 1536w, https:\/\/schillerschule-stuttgart.de\/wp-content\/uploads\/2025\/11\/Gassmann-2048x1560.jpg 2048w\" sizes=\"auto, (max-width: 1024px) 100vw, 1024px\" \/><figcaption class=\"wp-element-caption\"><strong>Herr Gassmann &#8211; Klasse 4b<\/strong><\/figcaption><\/figure>\n\n\n\n<figure class=\"wp-block-image size-large\"><img loading=\"lazy\" decoding=\"async\" width=\"1024\" height=\"768\" data-id=\"1714\" src=\"http:\/\/schillerschule-stuttgart.de\/wp-content\/uploads\/2025\/11\/Stoecker-1024x768.jpg\" alt=\"\" class=\"wp-image-1714\" srcset=\"https:\/\/schillerschule-stuttgart.de\/wp-content\/uploads\/2025\/11\/Stoecker-1024x768.jpg 1024w, https:\/\/schillerschule-stuttgart.de\/wp-content\/uploads\/2025\/11\/Stoecker-300x225.jpg 300w, https:\/\/schillerschule-stuttgart.de\/wp-content\/uploads\/2025\/11\/Stoecker-768x576.jpg 768w, https:\/\/schillerschule-stuttgart.de\/wp-content\/uploads\/2025\/11\/Stoecker-1536x1152.jpg 1536w, https:\/\/schillerschule-stuttgart.de\/wp-content\/uploads\/2025\/11\/Stoecker-2048x1536.jpg 2048w\" sizes=\"auto, (max-width: 1024px) 100vw, 1024px\" \/><figcaption class=\"wp-element-caption\"><strong>Frau St\u00f6cker &#8211; Klasse 4c<\/strong><\/figcaption><\/figure>\n\n\n\n<figure class=\"wp-block-image size-large\"><img loading=\"lazy\" decoding=\"async\" width=\"730\" height=\"470\" data-id=\"1726\" src=\"https:\/\/schillerschule-stuttgart.de\/wp-content\/uploads\/2025\/11\/Bildschirmfoto-2025-11-17-um-10.54.01.png\" alt=\"\" class=\"wp-image-1726\" srcset=\"https:\/\/schillerschule-stuttgart.de\/wp-content\/uploads\/2025\/11\/Bildschirmfoto-2025-11-17-um-10.54.01.png 730w, https:\/\/schillerschule-stuttgart.de\/wp-content\/uploads\/2025\/11\/Bildschirmfoto-2025-11-17-um-10.54.01-300x193.png 300w\" sizes=\"auto, (max-width: 730px) 100vw, 730px\" \/><\/figure>\n\n\n\n<figure class=\"wp-block-image size-large\"><img loading=\"lazy\" decoding=\"async\" width=\"1024\" height=\"618\" data-id=\"1564\" src=\"https:\/\/schillerschule-stuttgart.de\/wp-content\/uploads\/2025\/09\/Logo-1-1024x618.jpeg\" alt=\"\" class=\"wp-image-1564\" srcset=\"https:\/\/schillerschule-stuttgart.de\/wp-content\/uploads\/2025\/09\/Logo-1-1024x618.jpeg 1024w, https:\/\/schillerschule-stuttgart.de\/wp-content\/uploads\/2025\/09\/Logo-1-300x181.jpeg 300w, https:\/\/schillerschule-stuttgart.de\/wp-content\/uploads\/2025\/09\/Logo-1-768x463.jpeg 768w, https:\/\/schillerschule-stuttgart.de\/wp-content\/uploads\/2025\/09\/Logo-1-1536x927.jpeg 1536w, https:\/\/schillerschule-stuttgart.de\/wp-content\/uploads\/2025\/09\/Logo-1-2048x1235.jpeg 2048w\" sizes=\"auto, (max-width: 1024px) 100vw, 1024px\" \/><figcaption class=\"wp-element-caption\"><strong>Frau Wunder &#8211; 4c<\/strong><\/figcaption><\/figure>\n\n\n\n<figure class=\"wp-block-image size-large\"><img loading=\"lazy\" decoding=\"async\" width=\"730\" height=\"470\" data-id=\"1726\" src=\"https:\/\/schillerschule-stuttgart.de\/wp-content\/uploads\/2025\/11\/Bildschirmfoto-2025-11-17-um-10.54.01.png\" alt=\"\" class=\"wp-image-1726\" srcset=\"https:\/\/schillerschule-stuttgart.de\/wp-content\/uploads\/2025\/11\/Bildschirmfoto-2025-11-17-um-10.54.01.png 730w, https:\/\/schillerschule-stuttgart.de\/wp-content\/uploads\/2025\/11\/Bildschirmfoto-2025-11-17-um-10.54.01-300x193.png 300w\" sizes=\"auto, (max-width: 730px) 100vw, 730px\" \/><\/figure>\n<\/figure>\n\n\n\n<pre class=\"wp-block-preformatted\"><\/pre>\n\n\n\n<h3 class=\"wp-block-heading\">Vorbereitungsklasse<\/h3>\n\n\n\n<figure class=\"wp-block-gallery has-nested-images columns-default is-cropped wp-block-gallery-5 is-layout-flex wp-block-gallery-is-layout-flex\">\n<figure class=\"wp-block-image size-large\"><img loading=\"lazy\" decoding=\"async\" width=\"1024\" height=\"767\" data-id=\"1709\" src=\"https:\/\/schillerschule-stuttgart.de\/wp-content\/uploads\/2025\/11\/Kilicci-1024x767.jpg\" alt=\"\" class=\"wp-image-1709\" srcset=\"https:\/\/schillerschule-stuttgart.de\/wp-content\/uploads\/2025\/11\/Kilicci-1024x767.jpg 1024w, https:\/\/schillerschule-stuttgart.de\/wp-content\/uploads\/2025\/11\/Kilicci-300x225.jpg 300w, https:\/\/schillerschule-stuttgart.de\/wp-content\/uploads\/2025\/11\/Kilicci-768x575.jpg 768w, https:\/\/schillerschule-stuttgart.de\/wp-content\/uploads\/2025\/11\/Kilicci-1536x1150.jpg 1536w, https:\/\/schillerschule-stuttgart.de\/wp-content\/uploads\/2025\/11\/Kilicci-2048x1534.jpg 2048w\" sizes=\"auto, (max-width: 1024px) 100vw, 1024px\" \/><figcaption class=\"wp-element-caption\"><strong>Frau Kilicci &#8211; VK<\/strong><\/figcaption><\/figure>\n\n\n\n<figure class=\"wp-block-image size-large\"><img loading=\"lazy\" decoding=\"async\" width=\"730\" height=\"470\" data-id=\"1728\" src=\"https:\/\/schillerschule-stuttgart.de\/wp-content\/uploads\/2025\/11\/Bildschirmfoto-2025-11-17-um-10.54.01-2.png\" alt=\"\" class=\"wp-image-1728\" srcset=\"https:\/\/schillerschule-stuttgart.de\/wp-content\/uploads\/2025\/11\/Bildschirmfoto-2025-11-17-um-10.54.01-2.png 730w, https:\/\/schillerschule-stuttgart.de\/wp-content\/uploads\/2025\/11\/Bildschirmfoto-2025-11-17-um-10.54.01-2-300x193.png 300w\" sizes=\"auto, (max-width: 730px) 100vw, 730px\" \/><\/figure>\n\n\n\n<figure class=\"wp-block-image size-large\"><img loading=\"lazy\" decoding=\"async\" width=\"730\" height=\"470\" data-id=\"1726\" src=\"https:\/\/schillerschule-stuttgart.de\/wp-content\/uploads\/2025\/11\/Bildschirmfoto-2025-11-17-um-10.54.01.png\" alt=\"\" class=\"wp-image-1726\" srcset=\"https:\/\/schillerschule-stuttgart.de\/wp-content\/uploads\/2025\/11\/Bildschirmfoto-2025-11-17-um-10.54.01.png 730w, https:\/\/schillerschule-stuttgart.de\/wp-content\/uploads\/2025\/11\/Bildschirmfoto-2025-11-17-um-10.54.01-300x193.png 300w\" sizes=\"auto, (max-width: 730px) 100vw, 730px\" \/><\/figure>\n<\/figure>\n\n\n\n<pre class=\"wp-block-preformatted\"><\/pre>\n\n\n\n<h3 class=\"wp-block-heading\">Betreuung der Halbtagskinder<\/h3>\n\n\n\n<figure class=\"wp-block-gallery has-nested-images columns-default is-cropped wp-block-gallery-6 is-layout-flex wp-block-gallery-is-layout-flex\">\n<figure class=\"wp-block-image size-large\"><img loading=\"lazy\" decoding=\"async\" width=\"1024\" height=\"618\" data-id=\"1564\" src=\"https:\/\/schillerschule-stuttgart.de\/wp-content\/uploads\/2025\/09\/Logo-1-1024x618.jpeg\" alt=\"\" class=\"wp-image-1564\" srcset=\"https:\/\/schillerschule-stuttgart.de\/wp-content\/uploads\/2025\/09\/Logo-1-1024x618.jpeg 1024w, https:\/\/schillerschule-stuttgart.de\/wp-content\/uploads\/2025\/09\/Logo-1-300x181.jpeg 300w, https:\/\/schillerschule-stuttgart.de\/wp-content\/uploads\/2025\/09\/Logo-1-768x463.jpeg 768w, https:\/\/schillerschule-stuttgart.de\/wp-content\/uploads\/2025\/09\/Logo-1-1536x927.jpeg 1536w, https:\/\/schillerschule-stuttgart.de\/wp-content\/uploads\/2025\/09\/Logo-1-2048x1235.jpeg 2048w\" sizes=\"auto, (max-width: 1024px) 100vw, 1024px\" \/><figcaption class=\"wp-element-caption\"><strong>Frau Kiyici<\/strong><\/figcaption><\/figure>\n\n\n\n<figure class=\"wp-block-image size-large\"><img loading=\"lazy\" decoding=\"async\" width=\"1024\" height=\"767\" data-id=\"1715\" src=\"https:\/\/schillerschule-stuttgart.de\/wp-content\/uploads\/2025\/11\/Reiner-1024x767.jpg\" alt=\"\" class=\"wp-image-1715\" srcset=\"https:\/\/schillerschule-stuttgart.de\/wp-content\/uploads\/2025\/11\/Reiner-1024x767.jpg 1024w, https:\/\/schillerschule-stuttgart.de\/wp-content\/uploads\/2025\/11\/Reiner-300x225.jpg 300w, https:\/\/schillerschule-stuttgart.de\/wp-content\/uploads\/2025\/11\/Reiner-768x575.jpg 768w, https:\/\/schillerschule-stuttgart.de\/wp-content\/uploads\/2025\/11\/Reiner-1536x1151.jpg 1536w, https:\/\/schillerschule-stuttgart.de\/wp-content\/uploads\/2025\/11\/Reiner-2048x1534.jpg 2048w\" sizes=\"auto, (max-width: 1024px) 100vw, 1024px\" \/><figcaption class=\"wp-element-caption\"><strong>Frau Reiner<\/strong><\/figcaption><\/figure>\n\n\n\n<figure class=\"wp-block-image size-large\"><img loading=\"lazy\" decoding=\"async\" width=\"730\" height=\"470\" data-id=\"1726\" src=\"https:\/\/schillerschule-stuttgart.de\/wp-content\/uploads\/2025\/11\/Bildschirmfoto-2025-11-17-um-10.54.01.png\" alt=\"\" class=\"wp-image-1726\" srcset=\"https:\/\/schillerschule-stuttgart.de\/wp-content\/uploads\/2025\/11\/Bildschirmfoto-2025-11-17-um-10.54.01.png 730w, https:\/\/schillerschule-stuttgart.de\/wp-content\/uploads\/2025\/11\/Bildschirmfoto-2025-11-17-um-10.54.01-300x193.png 300w\" sizes=\"auto, (max-width: 730px) 100vw, 730px\" \/><\/figure>\n<\/figure>\n\n\n\n<pre class=\"wp-block-preformatted\"><\/pre>\n\n\n\n<h3 class=\"wp-block-heading\">Zus\u00e4tzliche p\u00e4dagogische Fachkr\u00e4fte<\/h3>\n\n\n\n<figure class=\"wp-block-gallery has-nested-images columns-default is-cropped wp-block-gallery-7 is-layout-flex wp-block-gallery-is-layout-flex\">\n<figure class=\"wp-block-image size-large\"><img loading=\"lazy\" decoding=\"async\" width=\"1024\" height=\"643\" data-id=\"1631\" src=\"http:\/\/schillerschule-stuttgart.de\/wp-content\/uploads\/2025\/09\/IMG_0732-1024x643.jpg\" alt=\"\" class=\"wp-image-1631\" srcset=\"https:\/\/schillerschule-stuttgart.de\/wp-content\/uploads\/2025\/09\/IMG_0732-1024x643.jpg 1024w, https:\/\/schillerschule-stuttgart.de\/wp-content\/uploads\/2025\/09\/IMG_0732-300x189.jpg 300w, https:\/\/schillerschule-stuttgart.de\/wp-content\/uploads\/2025\/09\/IMG_0732-768x483.jpg 768w, https:\/\/schillerschule-stuttgart.de\/wp-content\/uploads\/2025\/09\/IMG_0732-1536x965.jpg 1536w, https:\/\/schillerschule-stuttgart.de\/wp-content\/uploads\/2025\/09\/IMG_0732-2048x1287.jpg 2048w\" sizes=\"auto, (max-width: 1024px) 100vw, 1024px\" \/><figcaption class=\"wp-element-caption\"><strong>Frau Dick<\/strong><\/figcaption><\/figure>\n\n\n\n<figure class=\"wp-block-image size-large\"><img loading=\"lazy\" decoding=\"async\" width=\"1024\" height=\"737\" data-id=\"1731\" src=\"https:\/\/schillerschule-stuttgart.de\/wp-content\/uploads\/2025\/11\/Foto-Gianluca-De-Pascali-1024x737.jpeg\" alt=\"\" class=\"wp-image-1731\" srcset=\"https:\/\/schillerschule-stuttgart.de\/wp-content\/uploads\/2025\/11\/Foto-Gianluca-De-Pascali-1024x737.jpeg 1024w, https:\/\/schillerschule-stuttgart.de\/wp-content\/uploads\/2025\/11\/Foto-Gianluca-De-Pascali-300x216.jpeg 300w, https:\/\/schillerschule-stuttgart.de\/wp-content\/uploads\/2025\/11\/Foto-Gianluca-De-Pascali-768x553.jpeg 768w, https:\/\/schillerschule-stuttgart.de\/wp-content\/uploads\/2025\/11\/Foto-Gianluca-De-Pascali-1536x1105.jpeg 1536w, https:\/\/schillerschule-stuttgart.de\/wp-content\/uploads\/2025\/11\/Foto-Gianluca-De-Pascali-2048x1473.jpeg 2048w\" sizes=\"auto, (max-width: 1024px) 100vw, 1024px\" \/><figcaption class=\"wp-element-caption\"><strong>Herr De Pascali<\/strong><\/figcaption><\/figure>\n\n\n\n<figure class=\"wp-block-image size-large\"><img loading=\"lazy\" decoding=\"async\" width=\"1024\" height=\"768\" data-id=\"1702\" src=\"https:\/\/schillerschule-stuttgart.de\/wp-content\/uploads\/2025\/11\/Kesinovic-1024x768.jpg\" alt=\"\" class=\"wp-image-1702\" srcset=\"https:\/\/schillerschule-stuttgart.de\/wp-content\/uploads\/2025\/11\/Kesinovic-1024x768.jpg 1024w, https:\/\/schillerschule-stuttgart.de\/wp-content\/uploads\/2025\/11\/Kesinovic-300x225.jpg 300w, https:\/\/schillerschule-stuttgart.de\/wp-content\/uploads\/2025\/11\/Kesinovic-768x576.jpg 768w, https:\/\/schillerschule-stuttgart.de\/wp-content\/uploads\/2025\/11\/Kesinovic-1536x1152.jpg 1536w, https:\/\/schillerschule-stuttgart.de\/wp-content\/uploads\/2025\/11\/Kesinovic-2048x1536.jpg 2048w\" sizes=\"auto, (max-width: 1024px) 100vw, 1024px\" \/><figcaption class=\"wp-element-caption\"><strong>Herr Kesinovic<\/strong><\/figcaption><\/figure>\n<\/figure>\n\n\n\n<pre class=\"wp-block-preformatted\"><\/pre>\n\n\n\n<figure class=\"wp-block-table is-style-stripes\"><table><tbody><tr><td>gts-schillerschule@stjg.de<\/td><\/tr><tr><td>Tel.: 0176 95489731<\/td><\/tr><\/tbody><\/table><\/figure>\n","protected":false},"excerpt":{"rendered":"<p>P\u00e4dagogische Fachkr\u00e4fte: Klasse 1 Klasse 2 Klasse 3 Klasse 4 Vorbereitungsklasse Betreuung der Halbtagskinder Zus\u00e4tzliche p\u00e4dagogische Fachkr\u00e4fte gts-schillerschule@stjg.de Tel.: 0176 95489731<\/p>\n","protected":false},"author":1,"featured_media":0,"parent":79,"menu_order":6,"comment_status":"closed","ping_status":"closed","template":"","meta":{"footnotes":""},"class_list":["post-101","page","type-page","status-publish"],"_links":{"self":[{"href":"https:\/\/schillerschule-stuttgart.de\/home\/wp-json\/wp\/v2\/pages\/101","targetHints":{"allow":["GET"]}}],"collection":[{"href":"https:\/\/schillerschule-stuttgart.de\/home\/wp-json\/wp\/v2\/pages"}],"about":[{"href":"https:\/\/schillerschule-stuttgart.de\/home\/wp-json\/wp\/v2\/types\/page"}],"author":[{"embeddable":true,"href":"https:\/\/schillerschule-stuttgart.de\/home\/wp-json\/wp\/v2\/users\/1"}],"replies":[{"embeddable":true,"href":"https:\/\/schillerschule-stuttgart.de\/home\/wp-json\/wp\/v2\/comments?post=101"}],"version-history":[{"count":18,"href":"https:\/\/schillerschule-stuttgart.de\/home\/wp-json\/wp\/v2\/pages\/101\/revisions"}],"predecessor-version":[{"id":1747,"href":"https:\/\/schillerschule-stuttgart.de\/home\/wp-json\/wp\/v2\/pages\/101\/revisions\/1747"}],"up":[{"embeddable":true,"href":"https:\/\/schillerschule-stuttgart.de\/home\/wp-json\/wp\/v2\/pages\/79"}],"wp:attachment":[{"href":"https:\/\/schillerschule-stuttgart.de\/home\/wp-json\/wp\/v2\/media?parent=101"}],"curies":[{"name":"wp","href":"https:\/\/api.w.org\/{rel}","templated":true}]}}